{"id":422,"date":"2025-01-23T19:09:12","date_gmt":"2025-01-23T18:09:12","guid":{"rendered":"https:\/\/motogp.quironprevencion.com\/?page_id=422"},"modified":"2025-01-23T19:09:12","modified_gmt":"2025-01-23T18:09:12","slug":"condiciones-del-servicio-ventas-y-devoluciones","status":"publish","type":"page","link":"https:\/\/motogp.quironprevencion.com\/it\/condiciones-del-servicio-ventas-y-devoluciones\/","title":{"rendered":"Condizioni di servizio, vendita e restituzione"},"content":{"rendered":"<h2 class=\"wp-block-heading\">1. Informazioni generali<\/h2>\n\n\n\n<p>In conformit\u00e0 con la legge 34\/2002, dell'11 luglio, sui servizi della societ\u00e0 dell'informazione e del commercio elettronico, e le norme concordanti, la Protezione dei dati personali e la garanzia dei diritti digitali, informa gli utenti di questo sito web dei seguenti aspetti:<\/p>\n\n\n\n<p><strong>Identit\u00e0: <\/strong>Quir\u00f3n Prevenci\u00f3n, S.L.U. - NIF: B64076482<br><strong>Indirizzo<\/strong>C\/ Agust\u00edn de Betancourt, n\u00ba 25 - 28003, Madrid<br><strong>Telefono<\/strong>: 91 122 14 52<br><strong>Email<\/strong>: informacion@quironprevencion.com<br><strong>Contatto con il responsabile della protezione dei dati<\/strong>: dpo@quironprevencion.com<\/p>\n\n\n\n<h2 class=\"wp-block-heading\">2. Condizioni di utilizzo e accesso al sito web<\/h2>\n\n\n\n<p><strong>2.1. Oggetto<\/strong><\/p>\n\n\n\n<p>Il nostro obiettivo \u00e8 far conoscere il sito web titandesert.quironprevencion.com agli utenti di Internet. Il sito fornisce servizi per i quali l'utente registrato pu\u00f2 acquistare appuntamenti.<\/p>\n\n\n\n<p>QUIR\u00d3N PREVENCI\u00d3N, S.L.U. si riserva il diritto di apportare al sito web i cambiamenti e le modifiche che riterr\u00e0 necessari o opportuni. In nessun caso verr\u00e0 dato un preavviso, per cui l'accesso successivo implicher\u00e0 l'accettazione inequivocabile delle modifiche da parte dell'utente.<\/p>\n\n\n\n<p>In ogni caso, la contrattazione dei servizi da parte dell'utente sar\u00e0 soggetta alle informazioni fornite in ogni processo di vendita prima e dopo la contrattazione, che appariranno nel processo di vendita di ogni specifico servizio. Queste condizioni non sono statiche e possono essere modificate in base alle scorte, alle offerte e\/o anche alla cessazione del prodotto.<\/p>\n\n\n\n<p>Si prega di leggere le condizioni sulla privacy di cui al punto 6 della nostra nota legale.<\/p>\n\n\n\n<p><strong>2.2. Navigazione<\/strong><\/p>\n\n\n\n<p>La navigazione sul sito web titandesert.quironprevencion.com \u00e8 liberamente scelta da ciascun utente o registrato. Siamo consapevoli che l'accesso o il semplice utilizzo di questo sito implica l'accettazione inequivocabile delle avvertenze legali e delle condizioni di utilizzo.<\/p>\n\n\n\n<p>Pertanto, l'utente o l'utente registrato deve conoscere e, se del caso, accettare il presente avviso legale, le condizioni d'uso e le condizioni di contrattazione, nonch\u00e9 qualsiasi altro avviso legale sui prodotti e servizi offerti sul sito web titandesert.quironprevencion.com e sulla sua applicazione (programmazione e banche dati che rendono possibile la contrattazione elettronica).<\/p>\n\n\n\n<p><strong>2.3. Collegamenti<\/strong><\/p>\n\n\n\n<p>Nel caso in cui il sito web titandesert.quironprevencion.com includa un qualsiasi tipo di link, si ricorda che questi non sono sotto il controllo o la responsabilit\u00e0 di QUIR\u00d3N PREVENCI\u00d3N, S.L.U., ma della terza parte a cui il link reindirizza.<\/p>\n\n\n\n<p>Si noti che l'inclusione di un link a un sito web di terzi non implica l'esistenza di una licenza, di un'autorizzazione, di una collaborazione o di qualsiasi altro tipo di rapporto tra QUIR\u00d3N PREVENCI\u00d3N, S.L.U. e il terzo.<\/p>\n\n\n\n<p>In ogni caso, la promozione di prodotti e\/o servizi di QUIR\u00d3N PREVENCI\u00d3N, S.L.U. attraverso queste piattaforme avviene nel pieno rispetto del Regolamento Europeo sulla Protezione dei Dati e della Legge Organica sulla Protezione dei Dati. Pertanto, non verranno condivisi i dati degli interessati e la pubblicazione dei dati che avverr\u00e0 sar\u00e0 esclusivamente di QUIR\u00d3N PREVENCI\u00d3N, S.L.U.. L'uso dei link da parte degli utenti \u00e8 di loro esclusiva responsabilit\u00e0. Pertanto, l'utente \u00e8 espressamente avvertito che se decide di utilizzare queste piattaforme, si assume la piena responsabilit\u00e0 delle condizioni di utilizzo e dei termini legali imposti dalle stesse.<\/p>\n\n\n\n<p>L'inserimento dell'indirizzo web titandesert.quironprevencion.com come link a siti web di terzi \u00e8 autorizzato e quindi considerato legittimo, a condizione che siano soddisfatti i seguenti requisiti:<\/p>\n\n\n\n<ul class=\"wp-block-list\">\n<li>Il sito web in cui viene inserito il link deve rispettare i diritti di marchio, di copyright e soprattutto la propriet\u00e0 del sito web titandesert.quironprevencion.com di QUIR\u00d3N PREVENCI\u00d3N, S.L.U. Di conseguenza, non pu\u00f2 creare l'apparenza che il sito web sia proprio una volta che si accede all'url del link. In altre parole, non \u00e8 possibile utilizzare frame o qualsiasi altro sistema che permetta di creare questa falsa apparenza.<\/li>\n\n\n\n<li>L'uso del nostro sito web titandesert.quironprevencion.com non pu\u00f2 e non deve desumere l'esistenza di un legame, di una relazione o di una sponsorizzazione tra QUIR\u00d3N PREVENCI\u00d3N, S.L.U. e qualsiasi terza parte che utilizzi il nostro dominio come link o in qualsiasi altro modo.<\/li>\n\n\n\n<li>I contenuti del sito web devono essere rispettati e non possono essere associati direttamente o indirettamente al sito web e ai suoi contenuti o a informazioni errate, imprecise o sbagliate.<\/li>\n\n\n\n<li>L'inclusione del nostro sito web come link a piattaforme o siti web che non rispettano la legge, la morale o l'ordine pubblico non sar\u00e0 accettata in nessun caso.<\/li>\n<\/ul>\n\n\n\n<h2 class=\"wp-block-heading\">3. Registrazione e cancellazione degli utenti<\/h2>\n\n\n\n<p>L'utente pu\u00f2 navigare nel sito in due modi diversi:<\/p>\n\n\n\n<p>Navigazione libera che consente all'utente di accedere ai contenuti e alle informazioni disponibili sul sito.<\/p>\n\n\n\n<p>Navigazione come cliente che permette di contrattare i servizi offerti sul sito web. \u00c8 pensato per gli utenti interessati a mantenere un rapporto stabile con QUIR\u00d3N PREVENCI\u00d3N, S.L.U.<\/p>\n\n\n\n<p>I minori non sono autorizzati ad acquistare servizi su titandesert.quironprevencion.com, tranne in circostanze particolari regolate dal Codice Civile e dalla legislazione regionale spagnola. Pertanto, i minori non possono, in linea di principio, registrarsi su questo sito web.<\/p>\n\n\n\n<p>Nella compilazione del modulo di registrazione per gli utenti registrati e\/o gli ospiti, sono presenti una serie di dati obbligatori. La mancanza di uno di essi impedir\u00e0 la registrazione di uno qualsiasi di questi utenti. In questo processo sar\u00e0 necessario inserire, tra gli altri, nome, cognome, indirizzo postale, numero di telefono dell'utente registrato o dell'utente ospite. Sar\u00e0 inoltre necessario fornire una password. I dati personali sono soggetti al Regolamento europeo sulla protezione dei dati e alla Legge organica sulla protezione dei dati personali. QUIR\u00d3N PREVENCI\u00d3N, S.L.U. rispetta tali normative e i relativi regolamenti di attuazione. Si veda il punto 6 del presente avviso legale.<\/p>\n\n\n\n<p>Anche le persone giuridiche possono registrarsi su questo sito.<\/p>\n\n\n\n<p>QUIR\u00d3N PREVENCI\u00d3N, S.L.U. o l'utente possono risolvere il rapporto contrattuale tra loro senza alcuna ulteriore giustificazione, ad eccezione degli obblighi contratti prima della risoluzione di tale rapporto.<\/p>\n\n\n\n<h2 class=\"wp-block-heading\">4. Il reclutamento<\/h2>\n\n\n\n<p><strong>Informazioni preliminari<\/strong><\/p>\n\n\n\n<p>Sul sito sono elencati solo i servizi di incontri con le loro caratteristiche principali. Tali servizi possono essere modificati a seconda delle esigenze, delle offerte e\/o anche della loro interruzione.<\/p>\n\n\n\n<p>L'utente registrato pu\u00f2 accedere all'acquisto dei prodotti offerti da QUIR\u00d3N PREVENCI\u00d3N, S.L.U. Per farlo, deve seguire le procedure indicate alla fine del presente punto 4.1. della nota legale sull'informazione preventiva.<\/p>\n\n\n\n<p>La transazione commerciale sar\u00e0 archiviata nei corrispondenti database di QUIR\u00d3N PREVENCI\u00d3N, S.L.U. Da questi database \u00e8 possibile accedere e generare il corrispondente documento di sintesi relativo alla transazione. L'utente ha il diritto di richiedere una copia di questo documento.<\/p>\n\n\n\n<p>Gli strumenti di modifica consentono di identificare e correggere gli errori di inserimento dei dati prima di confermarli.<\/p>\n\n\n\n<p>I contratti devono essere redatti in spagnolo.<\/p>\n\n\n\n<p>Tutti i prezzi sono comprensivi di IVA.<\/p>\n\n\n\n<p>I metodi di pagamento accettati sono indicati al punto 4.2.4.<\/p>\n\n\n\n<p>Il diritto di recesso \u00e8 riconosciuto in conformit\u00e0 ai termini indicati nella sezione 4.2.2.3.<\/p>\n\n\n\n<p>Esiste un servizio di assistenza clienti descritto nella sezione 4.2.6 e le garanzie sono fornite all'utente come indicato e definito nella sezione 4.2.5.<\/p>\n\n\n\n<p>Sulle formalit\u00e0 per la conclusione dei contratti:<\/p>\n\n\n\n<p>Fase 1: Il carrello e la relativa convalida: per completare il processo di acquisto, l'utente deve verificare e convalidare il carrello. Tutti i prezzi si riflettono nel carrello in base alla ripartizione descritta al punto 4.1.5.<\/p>\n\n\n\n<p>Le richieste di acquisto effettuate tramite QUIR\u00d3N PREVENCI\u00d3N, S.L.U. sono soggette alla disponibilit\u00e0 dei servizi selezionati.<\/p>\n\n\n\n<p>Fase 2: Fatturazione e consegna: l'utente deve specificare i dettagli di fatturazione e consegna dei prodotti e\/o servizi. In questa fase, l'utente deve accettare i termini legali dell'acquisto. In caso contrario, il processo di acquisto non potr\u00e0 proseguire. Cliccando sul pulsante \"Convalida e paga\" durante il processo di ordinazione, l'utente dichiara di accettare integralmente e senza riserve le presenti Condizioni Generali di Vendita che, in ogni caso, possono essere archiviate e stampate dagli utenti per essere riprodotte ogni volta che lo ritengano necessario.<\/p>\n\n\n\n<p>Fase 3: Scelta del metodo di pagamento: l'utente deve quindi procedere al pagamento. Attualmente i metodi di pagamento sono: Carta di credito o di debito (Visa, Master Card) o Bizum. Per quanto riguarda le carte, una volta compilati i dati, l'utente verr\u00e0 reindirizzato alla piattaforma di pagamento online (TPV) degli istituti bancari.<\/p>\n\n\n\n<p>Fase 4: Conferma dell'acquisto: L'acquisto sar\u00e0 confermato da un'e-mail di conferma inviata da QUIR\u00d3N PREVENCI\u00d3N, S.L.U. entro le 24 ore successive.<\/p>\n\n\n\n<p><strong>4.2. Termini e condizioni del contratto<\/strong><\/p>\n\n\n\n<p><strong>4.2.1. Condizioni economiche: selezione e prezzo<\/strong><\/p>\n\n\n\n<p>Per prenotare un appuntamento, accedere alla sezione Appuntamenti e selezionare l'orario disponibile. In alto a destra della pagina, gli utenti registrati potranno accedere al carrello della spesa, che consentir\u00e0 loro di visualizzare l'ordine e persino di annullarlo.<\/p>\n\n\n\n<p>Una volta completata la selezione dell'orario, sar\u00e0 possibile controllare tutti i gatti associati all'appuntamento.<\/p>\n\n\n\n<p>Per effettuare l'acquisto, l'ordine deve essere evaso. Vi ricordiamo che avete fornito dei dati che potete aggiornare o modificare in qualsiasi momento. Infine, \u00e8 necessario indicare la modalit\u00e0 di pagamento e completare l'acquisto. Ricordiamo che tutti i dati forniti sono trattati in modo sicuro e sono rigorosamente protetti. \u00c8 necessario tenere presente il punto 6 dell'Avviso legale.<\/p>\n\n\n\n<p>I prezzi dei servizi sono sempre espressi in euro e sono comprensivi di IVA, nonch\u00e9 di qualsiasi altra imposta applicabile, essendo quelle in vigore e legalmente applicabili in quel momento. Le imposte si riflettono nel carrello e durante il processo di pagamento.<\/p>\n\n\n\n<p>Nel caso in cui QUIR\u00d3N PREVENCI\u00d3N, S.L.U. individui un errore manifesto nel prezzo di uno qualsiasi dei servizi pubblicati, il cliente ne sar\u00e0 immediatamente informato e la correzione sar\u00e0 effettuata sul Sito web.<\/p>\n\n\n\n<p>QUIR\u00d3N PREVENCI\u00d3N, S.L.U. si riserva espressamente il diritto di modificare i prezzi in qualsiasi momento, senza preavviso. Tuttavia, in ogni caso, si applicheranno le tariffe in vigore sul Sito Web al momento dell'invio dell'ordine corrispondente.<\/p>\n\n\n\n<p>Una volta effettuato, l'ordine non pu\u00f2 essere annullato, salvo il diritto di recesso di cui si ha diritto ai sensi del punto 4.2.2.2.2 della presente nota legale.<\/p>\n\n\n\n<p><strong>4.2.2. Diritti dell'utente<\/strong><\/p>\n\n\n\n<p><strong>4.2.2.1. Suggerimenti e reclami<\/strong><\/p>\n\n\n\n<p>Ogni utente del nostro sito web ha il diritto di presentare suggerimenti o reclami. A tal fine, pu\u00f2 farlo inviando un'e-mail al seguente indirizzo di posta elettronica: titandesert@quironprevencion.com<\/p>\n\n\n\n<p>Si informa che l'indirizzo a cui \u00e8 possibile inviare una lettera per posta \u00e8 Calle Agust\u00edn de Betancourt, n\u00ba 25 - 28003 Madrid, Spagna; inviando una lettera raccomandata al Servizio Clienti di QUIR\u00d3N PREVENCI\u00d3N, S.L.U..<\/p>\n\n\n\n<p>Ci impegniamo a evadere la vostra richiesta nel pi\u00f9 breve tempo possibile e in ogni caso entro trenta giorni di calendario dal ricevimento della vostra richiesta.<\/p>\n\n\n\n<p><strong>4.2.2.2.2. Ritiro<\/strong><\/p>\n\n\n\n<p>L'utente che ha effettuato un acquisto sul nostro sito web ha il diritto di recedere dall'acquisto. Il diritto di recesso deve essere esercitato non oltre quarantacinque (45) minuti prima dell'orario dell'appuntamento.<\/p>\n\n\n\n<p>I resi possono essere effettuati contattando titandesert@quironprevencion.com. L'esercizio del diritto vi sar\u00e0 comunicato via e-mail.<\/p>\n\n\n\n<p>QUIR\u00d3N PREVENCI\u00d3N, S.L.U. rimborser\u00e0 gli importi corrispondenti al ritiro entro un periodo massimo di 15 giorni.<\/p>\n\n\n\n<p>Sono esclusi dal diritto di recesso, tra gli altri, e ai sensi dell'articolo 103 della legge sulla tutela dei consumatori, i clienti che non hanno diritto di recesso:<\/p>\n\n\n\n<ul class=\"wp-block-list\">\n<li>La fornitura di servizi, una volta che il servizio \u00e8 stato interamente eseguito, qualora l'esecuzione sia iniziata, con il previo consenso espresso del consumatore e dell'utente e con il suo riconoscimento di essere consapevole che, una volta che il contratto \u00e8 stato interamente eseguito dall'imprenditore, avr\u00e0 perso il suo diritto di recesso.<\/li>\n\n\n\n<li>La fornitura di beni sigillati che non si prestano a essere restituiti per motivi di tutela della salute o di igiene e che sono stati dissigillati dopo la consegna.<\/li>\n\n\n\n<li>La fornitura di registrazioni sonore o video sigillate o di software sigillati che sono stati dissigillati dal consumatore e dall'utente dopo la consegna.<\/li>\n\n\n\n<li>La fornitura di contenuti digitali non forniti su un supporto tangibile in cui l'esecuzione \u00e8 iniziata con il previo consenso esplicito del consumatore e dell'utente con la consapevolezza di perdere di conseguenza il diritto di recesso.<\/li>\n<\/ul>\n\n\n\n<p><strong>4.2.3. Pagamenti<\/strong><\/p>\n\n\n\n<p>Una volta forniti i dati di fatturazione, l'Utente deve selezionare il metodo di pagamento che desidera utilizzare. QUIR\u00d3N PREVENCI\u00d3N, S.L.U. attualmente convalida i seguenti metodi di pagamento:<\/p>\n\n\n\n<p>Carta di credito e di debito<\/p>\n\n\n\n<p>I mezzi di pagamento proposti da QUIR\u00d3N PREVENCI\u00d3N, S.L.U. possono essere soggetti a controlli e autorizzazioni da parte degli enti che emettono i mezzi di pagamento. Pertanto, spetta all'ente corrispondente autorizzare o meno il pagamento. Nel caso in cui il pagamento venga rifiutato, l'ordine effettuato dall'utente verr\u00e0 automaticamente annullato e l'acquisto verr\u00e0 considerato a tutti gli effetti come non effettuato.<\/p>\n\n\n\n<p>Il pagamento con carta \u00e8 soggetto a controlli e autorizzazioni da parte degli enti che emettono i mezzi di pagamento. Nel caso in cui la piattaforma di pagamento segnali che la carta \u00e8 stata rifiutata, l'ordine verr\u00e0 automaticamente annullato e l'acquisto sar\u00e0 considerato a tutti gli effetti non effettuato.<\/p>\n\n\n\n<p>L'acquisto con carta di debito e\/o di credito presso QUIR\u00d3N PREVENCI\u00d3N, S.L.U. \u00e8 un processo completamente sicuro e potete utilizzare la vostra carta in tutta tranquillit\u00e0. Vi informiamo che i protocolli SSL sono rispettati, in quanto i gateway di pagamento utilizzano il sistema 3DSecure, reindirizzando i dati a server sicuri senza che il commerciante possa accedervi o memorizzarli.<\/p>\n\n\n\n<p>QUIR\u00d3N PREVENCI\u00d3N, S.L.U. fornisce all'Utente, una volta effettuato l'ordine, la fattura dei prodotti tramite e-mail.<\/p>\n\n\n\n<p>I metodi di pagamento sopra indicati non saranno sempre disponibili.<\/p>\n\n\n\n<p>QUIR\u00d3N PREVENCI\u00d3N, S.L.U. si riserva il diritto di offrire tutte o alcune delle modalit\u00e0 di pagamento.<\/p>\n\n\n\n<h2 class=\"wp-block-heading\">5. Politica di cambio, rimborso o cancellazione.<\/h2>\n\n\n\n<p><strong>5.1 Modifiche<\/strong><\/p>\n\n\n\n<p>Una volta acquistato il servizio, la piattaforma offre all'utente la possibilit\u00e0 di riprogrammare il proprio appuntamento entro un periodo massimo di ventiquattro (24) ore, purch\u00e9 venga effettuato almeno quarantacinque (45) minuti prima dell'orario originariamente previsto.<\/p>\n\n\n\n<p>L'opzione di riprogrammare un appuntamento sar\u00e0 disponibile anche in consultazione con i nostri specialisti presso il punto di cura. Allo stesso modo, deve essere effettuata almeno quarantacinque (45) minuti prima dell'orario dell'appuntamento originariamente previsto.<\/p>\n\n\n\n<p>La riprogrammazione degli appuntamenti \u00e8 soggetta alla disponibilit\u00e0 del servizio.<\/p>\n\n\n\n<p><strong>5.2. Restituzioni<\/strong><\/p>\n\n\n\n<p>In caso di fornitura di servizi, una volta che il servizio \u00e8 stato completamente eseguito, quando l'esecuzione \u00e8 iniziata, con il previo consenso esplicito del consumatore e utente e con il suo riconoscimento di essere consapevole che, una volta che il contratto \u00e8 stato completamente eseguito dallo specialista, non ci sar\u00e0 alcun diritto di restituzione di alcun tipo.<\/p>\n\n\n\n<p><strong>5.3 Cancellazioni<\/strong><\/p>\n\n\n\n<p>L'eventuale volont\u00e0 di annullare il servizio viene interpretata come una cancellazione del servizio stesso, come indicato al punto 4.2.2.2 e, in quanto tale, deve essere conforme a tutti i requisiti.<\/p>\n\n\n\n<p><\/p>","protected":false},"excerpt":{"rendered":"<p>1. Informaci\u00f3n General De conformidad con la Ley 34\/2002, de 11 de julio, de Servicios de la Sociedad de la Informaci\u00f3n y de Comercio Electr\u00f3nico, y normativa concordante, Protecci\u00f3n de Datos Personales y garant\u00eda de los derechos digitales, informa a los usuarios de esta p\u00e1gina web, de los siguientes aspectos: Identidad: Quir\u00f3n Prevenci\u00f3n, S.L.U. \u2013 [&hellip;]<\/p>\n","protected":false},"author":1,"featured_media":0,"parent":0,"menu_order":9,"comment_status":"closed","ping_status":"closed","template":"","meta":{"footnotes":""},"class_list":["post-422","page","type-page","status-publish","hentry"],"_links":{"self":[{"href":"https:\/\/motogp.quironprevencion.com\/it\/wp-json\/wp\/v2\/pages\/422","targetHints":{"allow":["GET"]}}],"collection":[{"href":"https:\/\/motogp.quironprevencion.com\/it\/wp-json\/wp\/v2\/pages"}],"about":[{"href":"https:\/\/motogp.quironprevencion.com\/it\/wp-json\/wp\/v2\/types\/page"}],"author":[{"embeddable":true,"href":"https:\/\/motogp.quironprevencion.com\/it\/wp-json\/wp\/v2\/users\/1"}],"replies":[{"embeddable":true,"href":"https:\/\/motogp.quironprevencion.com\/it\/wp-json\/wp\/v2\/comments?post=422"}],"version-history":[{"count":1,"href":"https:\/\/motogp.quironprevencion.com\/it\/wp-json\/wp\/v2\/pages\/422\/revisions"}],"predecessor-version":[{"id":423,"href":"https:\/\/motogp.quironprevencion.com\/it\/wp-json\/wp\/v2\/pages\/422\/revisions\/423"}],"wp:attachment":[{"href":"https:\/\/motogp.quironprevencion.com\/it\/wp-json\/wp\/v2\/media?parent=422"}],"curies":[{"name":"wp","href":"https:\/\/api.w.org\/{rel}","templated":true}]}}