{"id":420,"date":"2025-01-23T19:08:38","date_gmt":"2025-01-23T18:08:38","guid":{"rendered":"https:\/\/motogp.quironprevencion.com\/?page_id=420"},"modified":"2025-01-23T19:08:39","modified_gmt":"2025-01-23T18:08:39","slug":"politica-de-privacidad","status":"publish","type":"page","link":"https:\/\/motogp.quironprevencion.com\/it\/politica-de-privacidad\/","title":{"rendered":"Informativa sulla privacy"},"content":{"rendered":"<p>In conformit\u00e0 con il Regolamento (UE) 2016\/679 del Parlamento e del Consiglio, del 27 aprile 2016, relativo alla protezione delle persone fisiche con riguardo al trattamento dei loro dati personali e alla libera circolazione di tali dati e con la Legge Organica 3\/2018, del 5 dicembre, sulla protezione dei dati personali e la garanzia dei diritti digitali, gli utenti di questo sito web sono informati dei seguenti aspetti:<br><\/p>\n\n\n\n<h2 class=\"wp-block-heading\">Chi \u00e8 responsabile del trattamento dei vostri dati?<\/h2>\n\n\n\n<p><strong>Identit\u00e0:&nbsp;<\/strong>Quir\u00f3n Prevenci\u00f3n, S.L.U. - NIF: B64076482<br><strong>Indirizzo<\/strong>C\/ Agust\u00edn de Betancourt, n\u00ba 25 - 28003 Madrid<br><strong>Telefono<\/strong>: 91 122 14 52<br><strong>Email<\/strong>: <a href=\"mailto:informacion@quironprevencion.com\">informacion@quironprevencion.com<\/a><br><strong>Contatto con il responsabile della protezione dei dati<\/strong>:&nbsp;<a href=\"mailto:dpo@quironprevencion.com\">dpo@quironprevencion.com<\/a><br><\/p>\n\n\n\n<h2 class=\"wp-block-heading\">Quali informazioni trattiamo?<\/h2>\n\n\n\n<p>Per richiedere un appuntamento per i servizi di fisioterapia, \u00e8 necessario disporre di un nome utente e di una password e compilare il modulo di prenotazione.<\/p>\n\n\n\n<p>Esiste anche un modulo di contatto per Quir\u00f3nprevenci\u00f3n.<\/p>\n\n\n\n<p>Le categorie di dati personali che trattiamo sono elencate di seguito:<\/p>\n\n\n\n<ul class=\"wp-block-list\">\n<li>Prenotazione dell'appuntamento di fisioterapia: identificazione e dati di contatto (nome e cognome, numero di telefono, indirizzo e-mail).<\/li>\n\n\n\n<li>Credenziali di accesso al sito web: Indirizzo e-mail dell'utente, password.<\/li>\n\n\n\n<li>Modulo \"Contattaci\": dati identificativi e di contatto (nome e cognome, numero di telefono, indirizzo e-mail).<\/li>\n<\/ul>\n\n\n\n<p>I dati che vi chiediamo attraverso i suddetti moduli sono di natura identificativa e sono il minimo indispensabile per potervi fornire i servizi che ci richiedete. I dati obbligatori sono specificati nel modulo stesso e il vostro rifiuto di fornirli comporter\u00e0 l'impossibilit\u00e0 di evadere la vostra richiesta.<br><\/p>\n\n\n\n<h2 class=\"wp-block-heading\">Come abbiamo ottenuto i vostri dati personali?<\/h2>\n\n\n\n<p>I dati personali ottenuti sono stati forniti direttamente dall'utente al momento della contrattazione del servizio di fisioterapia o attraverso i diversi moduli disponibili sul sito web.<br><\/p>\n\n\n\n<h2 class=\"wp-block-heading\">Per quali finalit\u00e0 trattiamo i vostri dati personali?<\/h2>\n\n\n\n<p>I dati personali possono essere trattati da Quir\u00f3nprevenci\u00f3n per le seguenti finalit\u00e0:<\/p>\n\n\n\n<ul class=\"wp-block-list\">\n<li>Prenotazione di appuntamenti di fisioterapia e credenziali di accesso: al fine di gestire l'appuntamento per il servizio di fisioterapia stipulato con Quir\u00f3nprevenci\u00f3n.<\/li>\n\n\n\n<li>Modulo \"Contattaci\": i dati personali forniti tramite questo modulo saranno trattati al solo scopo di rispondere alle vostre richieste di informazioni, alle vostre domande e\/o quesiti.<\/li>\n<\/ul>\n\n\n\n<p>Quir\u00f3nprevenci\u00f3n tratter\u00e0 le informazioni in modo confidenziale ed esclusivamente per le finalit\u00e0 determinate, esplicite e legittime, e non saranno ulteriormente trattate in modo incompatibile con tali finalit\u00e0. Qualora sia previsto un ulteriore trattamento dei dati personali per una finalit\u00e0 diversa da quella per cui sono stati raccolti, l'interessato dovr\u00e0 essere informato, prima di tale ulteriore trattamento, di tale altra finalit\u00e0 e di ogni altra informazione pertinente.<\/p>\n\n\n\n<h2 class=\"wp-block-heading\"><br>Qual \u00e8 la legittimit\u00e0 del trattamento dei vostri dati personali?<\/h2>\n\n\n\n<p>La base giuridica che legittima il trattamento dei Suoi dati personali per la prenotazione degli appuntamenti fisioterapici e delle credenziali di accesso \u00e8 l'adempimento da parte di Quironprevenci\u00f3n del contratto di servizio fisioterapico di cui Lei \u00e8 parte interessata.<\/p>\n\n\n\n<p>La base giuridica per il trattamento dei vostri dati nel modulo \"Contattaci\" \u00e8 il consenso informato, espresso, libero e inequivocabile che ci fornite quando spuntate la casella \"Contattaci\".<em>Accetto l'informativa sulla privacy\".<\/em>.<\/p>\n\n\n\n<p>I dati che vi richiediamo sono adeguati, pertinenti e strettamente necessari e non siete obbligati a fornirli.<br><\/p>\n\n\n\n<h2 class=\"wp-block-heading\">Per quanto tempo conserveremo i vostri dati personali?<\/h2>\n\n\n\n<p>I dati personali da Lei forniti saranno conservati per il tempo minimo necessario alla corretta gestione dell'appuntamento del servizio di fisioterapia offerto e all'attenzione della Sua richiesta di informazioni tramite il modulo \"Contatti\", nonch\u00e9 per adempiere alle responsabilit\u00e0 che possono derivare dallo stesso e da ogni altro obbligo di legge.<\/p>\n\n\n\n<h2 class=\"wp-block-heading\"><br>A quali destinatari saranno comunicati i vostri dati?<\/h2>\n\n\n\n<p>Quir\u00f3nprevenci\u00f3n non trasmetter\u00e0 a terzi i dati forniti dall'utente, a meno che non sia obbligata per legge o con il suo esplicito consenso.<br><\/p>\n\n\n\n<h2 class=\"wp-block-heading\">Quali sono i vostri diritti quando ci fornite i vostri dati?<\/h2>\n\n\n\n<p>Chiunque ha il diritto di ottenere la conferma che Quir\u00f3nprevenci\u00f3n stia trattando o meno dati personali che lo riguardano. I diritti di protezione dei dati che si possono esercitare sono:<\/p>\n\n\n\n<ul class=\"wp-block-list\">\n<li>Diritto di accesso, rettifica o cancellazione: l'utente ha il diritto di accedere ai propri dati personali, nonch\u00e9 il diritto di richiedere la rettifica dei dati inesatti o, se del caso, di richiederne la cancellazione quando, tra le altre ragioni, i dati non sono pi\u00f9 necessari per gli scopi per cui sono stati raccolti.<\/li>\n\n\n\n<li>Diritto di opposizione: In determinate circostanze potete opporvi al trattamento dei vostri dati. Quir\u00f3nprevenci\u00f3n interromper\u00e0 il trattamento dei dati, tranne che per motivi legittimi e impellenti o per l'esercizio o la difesa di eventuali diritti.<\/li>\n\n\n\n<li>Diritto alla portabilit\u00e0 dei dati: Potete richiedere che i vostri dati personali automatizzati siano assegnati o trasferiti a qualsiasi altra societ\u00e0 da voi indicata. I dati saranno forniti in un formato strutturato, comprensibile e automatizzato.<\/li>\n\n\n\n<li>Diritto di richiedere la limitazione dell'elaborazione: in determinate circostanze, l'utente pu\u00f2 richiedere la limitazione dell'elaborazione dei suoi dati, nel qual caso li conserveremo solo allo scopo di perseguire o difendere le richieste di risarcimento.<\/li>\n\n\n\n<li>Il diritto di non essere sottoposti a decisioni individuali automatizzate.<\/li>\n<\/ul>\n\n\n\n<h2 class=\"wp-block-heading\"><br>Come si possono esercitare questi diritti?<\/h2>\n\n\n\n<p>\u00c8 possibile esercitare i propri diritti in materia di protezione dei dati personali inviando una comunicazione scritta alla sede legale di Quir\u00f3n Prevenci\u00f3n, S.L.U., in C\/ Agust\u00edn de Betancourt 25, 28003 MADRID, indicando il riferimento \"PROTEZIONE DEI DATI\" o all'indirizzo e-mail fornito a tale scopo,&nbsp;<strong>protecciondedatos@quironprevencion.com<\/strong>includendo in entrambi i casi il vostro numero NIF, e indicando il vostro nome e cognome\/i, la richiesta in cui viene effettuata, l'indirizzo ai fini delle notifiche, la data e la firma. \u00c8 possibile esercitare i propri diritti anche attraverso una rappresentanza legale, nel qual caso \u00e8 necessario fornire una prova autentica della rappresentanza del terzo.<\/p>\n\n\n\n<p>Su richiesta, vi forniremo i moduli con cui potrete esercitare tali diritti, indicando quale diritto desiderate esercitare.<\/p>\n\n\n\n<h2 class=\"wp-block-heading\">Posso ritirare il consenso?<\/h2>\n\n\n\n<p>L'utente ha il diritto di revocare il consenso in qualsiasi momento, senza pregiudicare la liceit\u00e0 del trattamento basato sul consenso prima della sua revoca.<br><\/p>\n\n\n\n<h2 class=\"wp-block-heading\">Dove posso presentare un reclamo se ritengo che i miei dati non vengano gestiti correttamente?<\/h2>\n\n\n\n<p>Se ritenete che i vostri dati non siano trattati correttamente, potete rivolgervi al Delegato alla protezione dei dati di Quir\u00f3n Prevenci\u00f3n (dpo@quironprevencion.com) o all'autorit\u00e0 di controllo, che in Spagna \u00e8 l'Agenzia spagnola per la protezione dei dati, sia attraverso la sede elettronica del portale web (www.agpd.es), sia scrivendo al suo indirizzo postale (C\/ Jorge Juan, 6, 28001-Madrid).<\/p>\n\n\n\n<h2 class=\"wp-block-heading\"><br>Sicurezza e aggiornamento dei dati personali<\/h2>\n\n\n\n<p>Al fine di salvaguardare la sicurezza dei vostri dati personali, vi informiamo che Quir\u00f3n Prevenci\u00f3n, S.L.U. ha adottato tutte le misure tecniche e organizzative necessarie per garantire la sicurezza dei dati personali forniti, tra cui, tra l'altro:<\/p>\n\n\n\n<ol start=\"1\" class=\"wp-block-list\">\n<li>Pseudonimizzazione e crittografia dei dati personali, ove opportuno.<\/li>\n\n\n\n<li>La capacit\u00e0 di garantire la riservatezza, l'integrit\u00e0, la disponibilit\u00e0 e la resilienza dei sistemi e dei servizi di elaborazione.<\/li>\n\n\n\n<li>La capacit\u00e0 di ripristinare rapidamente la disponibilit\u00e0 e l'accesso ai dati personali in caso di incidente fisico o tecnico.<\/li>\n\n\n\n<li>Un processo di verifica, valutazione e verifica periodica dell'efficacia delle misure tecniche e organizzative per garantire la sicurezza del trattamento.<\/li>\n<\/ol>\n\n\n\n<p><br>Quir\u00f3nprevenci\u00f3n si riserva il diritto di modificare la presente informativa sulla privacy in qualsiasi momento, pertanto si consiglia di rivederla ogni volta che si accede alla pagina web.<\/p>","protected":false},"excerpt":{"rendered":"<p>De conformidad con el Reglamento (UE) 2016\/679 del Parlamento y del Consejo de 27 de abril de 2016 relativo a la protecci\u00f3n de las personas f\u00edsicas en lo que respecta al tratamiento de sus datos personales y la libre circulaci\u00f3n de \u00e9stos y con la Ley Org\u00e1nica 3\/2018, de 5 de diciembre, de Protecci\u00f3n de [&hellip;]<\/p>\n","protected":false},"author":1,"featured_media":0,"parent":0,"menu_order":8,"comment_status":"closed","ping_status":"closed","template":"","meta":{"footnotes":""},"class_list":["post-420","page","type-page","status-publish","hentry"],"_links":{"self":[{"href":"https:\/\/motogp.quironprevencion.com\/it\/wp-json\/wp\/v2\/pages\/420","targetHints":{"allow":["GET"]}}],"collection":[{"href":"https:\/\/motogp.quironprevencion.com\/it\/wp-json\/wp\/v2\/pages"}],"about":[{"href":"https:\/\/motogp.quironprevencion.com\/it\/wp-json\/wp\/v2\/types\/page"}],"author":[{"embeddable":true,"href":"https:\/\/motogp.quironprevencion.com\/it\/wp-json\/wp\/v2\/users\/1"}],"replies":[{"embeddable":true,"href":"https:\/\/motogp.quironprevencion.com\/it\/wp-json\/wp\/v2\/comments?post=420"}],"version-history":[{"count":1,"href":"https:\/\/motogp.quironprevencion.com\/it\/wp-json\/wp\/v2\/pages\/420\/revisions"}],"predecessor-version":[{"id":421,"href":"https:\/\/motogp.quironprevencion.com\/it\/wp-json\/wp\/v2\/pages\/420\/revisions\/421"}],"wp:attachment":[{"href":"https:\/\/motogp.quironprevencion.com\/it\/wp-json\/wp\/v2\/media?parent=420"}],"curies":[{"name":"wp","href":"https:\/\/api.w.org\/{rel}","templated":true}]}}