{"id":418,"date":"2025-01-23T19:08:16","date_gmt":"2025-01-23T18:08:16","guid":{"rendered":"https:\/\/motogp.quironprevencion.com\/?page_id=418"},"modified":"2025-01-23T19:10:31","modified_gmt":"2025-01-23T18:10:31","slug":"politica-de-cookies","status":"publish","type":"page","link":"https:\/\/motogp.quironprevencion.com\/it\/politica-de-cookies\/","title":{"rendered":"Politica sui cookie"},"content":{"rendered":"<p>In conformit\u00e0 con il Regolamento (UE) 2016\/679 del Parlamento e del Consiglio, del 27 aprile 2016, relativo alla protezione delle persone fisiche con riguardo al trattamento dei loro dati personali e alla libera circolazione di tali dati e con la Legge Organica 3\/2018, del 5 dicembre, sulla protezione dei dati personali e la garanzia dei diritti digitali, gli utenti di questo sito web sono informati dei seguenti aspetti:<br><\/p>\n\n\n\n<h2 class=\"wp-block-heading\">Chi \u00e8 responsabile del trattamento dei vostri dati?<\/h2>\n\n\n\n<p><strong>Identit\u00e0:&nbsp;<\/strong>Quir\u00f3n Prevenci\u00f3n, S.L.U. - NIF: B64076482<br><strong>Indirizzo<\/strong>C\/ Agust\u00edn de Betancourt, n\u00ba 25 - 28003 Madrid<br><strong>Telefono<\/strong>: 91 122 14 52<br><strong>Email<\/strong>: <a href=\"mailto:informacion@quironprevencion.com\">informacion@quironprevencion.com<\/a><br><strong>Contatto con il responsabile della protezione dei dati<\/strong>:&nbsp;<a href=\"mailto:dpo@quironprevencion.com\">dpo@quironprevencion.com<\/a><br><\/p>\n\n\n\n<h2 class=\"wp-block-heading\">1. Cosa sono i cookie?<\/h2>\n\n\n\n<p>I cookie e altri dispositivi simili, come pixel, web bug, ecc. sono file di testo o di immagine che vengono installati nel browser dell'utente quando questi accede a un servizio online.<\/p>\n\n\n\n<p>I cookie sono strumenti che svolgono un ruolo essenziale nella fornitura di numerosi servizi della societ\u00e0 dell'informazione. Tra l'altro, consentono a un sito web di memorizzare e recuperare informazioni sulle abitudini di navigazione di un utente o sulle sue apparecchiature e, in base alle informazioni ottenute, possono essere utilizzati per riconoscere l'utente e migliorare il servizio offerto.<\/p>\n\n\n\n<h2 class=\"wp-block-heading\">2. Quali tipi di cookie esistono?<\/h2>\n\n\n\n<p>Esistono molti tipi di cookie. Di seguito, offriamo all'utente alcune classificazioni degli stessi, senza necessariamente implicare che questo servizio utilizzi tutti questi tipi di cookie:<\/p>\n\n\n\n<p><strong>a)&nbsp;<\/strong>A seconda dell'entit\u00e0 che gestisce l'apparecchiatura o il dominio da cui vengono inviati i cookie ed elabora i dati ottenuti:<\/p>\n\n\n\n<p>- Cookie propri: sono quelli inviati al terminale dell'utente da un computer o da un dominio gestito dall'editore stesso e dal quale viene fornito il servizio richiesto dall'utente.<\/p>\n\n\n\n<p>- Cookie di terze parti: si tratta di cookie inviati al terminale dell'utente da un computer o da un dominio non gestito dall'editore, ma da un'altra entit\u00e0 che elabora i dati ottenuti tramite i cookie.<\/p>\n\n\n\n<p><strong>b)&nbsp;<\/strong>A seconda del tempo in cui rimangono attivati nell'apparecchiatura terminale:<\/p>\n\n\n\n<p>- Cookie di sessione: sono progettati per raccogliere e memorizzare dati mentre l'utente accede a un sito web. Di solito vengono utilizzati per memorizzare informazioni che devono essere conservate solo per la fornitura del servizio richiesto dall'utente in una singola occasione e scadono quando l'utente si disconnette o chiude il browser.<\/p>\n\n\n\n<p>- Cookie persistenti: si tratta di cookie in cui i dati rimangono memorizzati nel terminale e possono essere consultati ed elaborati per un periodo definito dal responsabile del cookie, che pu\u00f2 variare da pochi minuti a diversi anni. Vengono utilizzati per salvare e recuperare determinati parametri ogni volta che l'utente visita un servizio.<\/p>\n\n\n\n<p><strong>c)&nbsp;<\/strong>A seconda dello scopo per cui vengono trattati i dati ottenuti tramite i cookie:<\/p>\n\n\n\n<p>- Cookie tecnici: sono quelli che consentono all'utente di navigare in un sito web, una piattaforma o un'applicazione e di utilizzare le diverse opzioni o i servizi che vi sono presenti, compresi quelli che l'editore utilizza per consentire la gestione e il funzionamento del sito web e abilitarne le funzioni e i servizi, come, ad esempio, il controllo del traffico e della comunicazione dei dati, l'identificazione della sessione, l'accesso a parti ad accesso limitato, la memorizzazione degli elementi che compongono un ordine, la gestione del pagamento, il controllo delle frodi legate alla sicurezza del servizio, la presentazione di una domanda di registrazione o di partecipazione a un evento, ecc.<\/p>\n\n\n\n<p>- Cookie di preferenza o di personalizzazione: si tratta di cookie che consentono di ricordare informazioni che permettono all'utente di accedere al servizio con determinate caratteristiche che possono differenziare la sua esperienza da quella di altri utenti, come ad esempio la lingua, il numero di risultati da mostrare quando l'utente effettua una ricerca, l'aspetto o il contenuto del servizio a seconda del tipo di browser attraverso il quale l'utente accede al servizio o della regione da cui accede al servizio, ecc.<\/p>\n\n\n\n<p>- Cookie analitici o di misurazione: sono cookie che consentono al responsabile di monitorare e analizzare il comportamento degli utenti dei siti web a cui sono collegati, compresa la quantificazione dell'impatto degli annunci pubblicitari. Le informazioni raccolte attraverso questo tipo di cookie vengono utilizzate per misurare l'attivit\u00e0 dei siti web, delle applicazioni o delle piattaforme, al fine di introdurre miglioramenti basati sull'analisi dei dati relativi all'utilizzo da parte degli utenti del servizio.<\/p>\n\n\n\n<p>- Cookie di pubblicit\u00e0 comportamentale: si tratta di cookie che memorizzano informazioni sul comportamento degli utenti ottenute attraverso l'osservazione continua delle loro abitudini di navigazione, che consentono di sviluppare un profilo specifico al fine di mostrare pubblicit\u00e0 basata sullo stesso.<\/p>\n\n\n\n<p><strong>d)&nbsp;<\/strong>Altre tecnologie:<\/p>\n\n\n\n<p>- Pixel, web bug o tracker: noti anche come pixel di tracciamento, tracking pixel, pixel tag o pixel di conversione, web beacon o web beacon. Si tratta di piccole immagini di 1\u00d71 pixel trasparenti che vengono inserite in un servizio per misurarne l'attivit\u00e0. Una volta caricata una determinata pagina del servizio in un browser, l'immagine viene caricata e i dati possono essere misurati. In generale, i pixel di tracciamento consentono di tracciare la distanza percorsa da un determinato IP utente attraverso un servizio online.<\/p>\n\n\n\n<p>- Memorizzazione HTML5: consiste nello sfruttare le capacit\u00e0 della tecnologia HTML5 per memorizzare nel browser dell'utente alcuni parametri che possono essere utilizzati per identificare il browser dell'utente.<\/p>\n\n\n\n<p>- Oggetti locali condivisi (LSO): noti anche come \"flash cookie\", si tratta della memorizzazione di informazioni senza cookie sul computer dell'utente, sfruttando la tecnologia Adobe Flash Player.<\/p>\n\n\n\n<p>- Etags: \u00e8 un meccanismo del protocollo HTTP che consente di convalidare la cache che l'utente salva nel suo browser su un sito web. Questa tecnologia viene utilizzata principalmente per risparmiare larghezza di banda, evitando di scaricare contenuti duplicati. Tuttavia, pu\u00f2 essere utilizzata anche per riconoscere il browser dell'utente.<\/p>\n\n\n\n<p>- Canvas fingerprinting: si tratta della generazione di un modulo univoco nel browser dell'utente utilizzando la tecnologia web standard HTML5 per identificare il computer dell'utente.<\/p>\n\n\n\n<p>- Rilevamento della sorgente: questa tecnica consiste nell'identificare la configurazione della sorgente dell'apparecchiatura dell'utente per ottenere un'identificazione univoca dell'apparecchiatura.<\/p>\n\n\n\n<p>- Cache del browser: come suggerisce il nome, questa tecnica consiste nel memorizzare le informazioni nella cache del browser.<\/p>\n\n\n\n<p>- WebGL: questa tecnica consente di sfruttare le capacit\u00e0 di rendering 3D dei moderni browser per ottenere un'identificazione univoca delle apparecchiature, a causa delle diverse configurazioni di ciascuna.<\/p>\n\n\n\n<h2 class=\"wp-block-heading\">3. Quali tipi di cookie vengono utilizzati in questo sito web?<\/h2>\n\n\n\n<p>In particolare, questo servizio online utilizza i cookie e altri dispositivi simili per i seguenti scopi:<\/p>\n\n\n\n<p><strong>COOKIE STRETTAMENTE NECESSARI<\/strong><\/p>\n\n\n\n<p>Questi cookie sono necessari per il funzionamento del sito e non possono essere disabilitati sui nostri sistemi. Di solito sono impostati per rispondere alle azioni compiute dall'utente per ricevere i servizi, come la regolazione delle preferenze sulla privacy, l'accesso al sito o la compilazione di moduli. \u00c8 possibile impostare il browser in modo da bloccare o avvisare della presenza di questi cookie, ma alcune parti del sito web non funzioneranno. Questi cookie non memorizzano alcuna informazione di identificazione personale.<\/p>\n\n\n\n<figure class=\"wp-block-table\"><table class=\"has-fixed-layout\"><thead><tr><th>Sottogruppo di biscotti<\/th><th>Biscotti<\/th><th>Cookie utilizzati<\/th><\/tr><\/thead><tbody><tr><td>.quironprevencion.com<\/td><td><a href=\"https:\/\/cookiepedia.co.uk\/cookies\/OptanonConsent\" target=\"_blank\" rel=\"noreferrer noopener\">OptanonConsenso<\/a>,&nbsp;<a href=\"https:\/\/cookiepedia.co.uk\/cookies\/OptanonAlertBoxClosed\" target=\"_blank\" rel=\"noreferrer noopener\">OptanonAlertBoxClosed<\/a><\/td><td>1a parte<\/td><\/tr><tr><td>www.quironprevencion.com<\/td><td><a href=\"https:\/\/cookiepedia.co.uk\/cookies\/JSESSIONID\" target=\"_blank\" rel=\"noreferrer noopener\">JSESSIONID<\/a>,&nbsp;<a href=\"https:\/\/cookiepedia.co.uk\/cookies\/proxia-error\" target=\"_blank\" rel=\"noreferrer noopener\">errore proxia<\/a>,&nbsp;<a href=\"https:\/\/cookiepedia.co.uk\/cookies\/PROXIASESSIONID\" target=\"_blank\" rel=\"noreferrer noopener\">PROXIASESSIONID<\/a><\/td><td>1a parte<\/td><\/tr><\/tbody><\/table><\/figure>\n\n\n\n<p><strong>COOKIE ANALITICI O DI MISURAZIONE<\/strong><\/p>\n\n\n\n<p>Questi cookie ci consentono di contare le visite e le fonti di traffico, in modo da poter misurare e migliorare le prestazioni del nostro sito. Ci aiutano a sapere quali sono le pagine pi\u00f9 o meno popolari e a vedere quante persone visitano il sito. Tutte le informazioni raccolte da questi cookie sono aggregate e quindi anonime. Se non consentite questi cookie, non sapremo quando avete visitato il nostro sito.<\/p>\n\n\n\n<figure class=\"wp-block-table\"><table class=\"has-fixed-layout\"><thead><tr><th>Sottogruppo di biscotti<\/th><th>Biscotti<\/th><th>Cookie utilizzati<\/th><\/tr><\/thead><tbody><tr><td>quironprevencion.com<\/td><td><a href=\"https:\/\/cookiepedia.co.uk\/cookies\/_ga\" target=\"_blank\" rel=\"noreferrer noopener\">_ga<\/a>,&nbsp;<a href=\"https:\/\/cookiepedia.co.uk\/cookies\/_gat_UA-\" target=\"_blank\" rel=\"noreferrer noopener\">_gat_UA-<\/a>,&nbsp;<a href=\"https:\/\/cookiepedia.co.uk\/cookies\/_gid\" target=\"_blank\" rel=\"noreferrer noopener\">_gid<\/a><\/td><td>1a parte<\/td><\/tr><tr><td><a href=\"https:\/\/cookiepedia.co.uk\/host\/nr-data.net\" target=\"_blank\" rel=\"noreferrer noopener\">nr-data.net<\/a><\/td><td>JSESSIONID<\/td><td>3a parte<\/td><\/tr><\/tbody><\/table><\/figure>\n\n\n\n<p><strong>COOKIE DI PUBBLICIT\u00c0 COMPORTAMENTALE<\/strong><\/p>\n\n\n\n<p>Questi cookie possono essere a livello di sito, collocati dai nostri partner pubblicitari. Tali aziende possono utilizzarli per creare un profilo dei vostri interessi e mostrarvi pubblicit\u00e0 pertinenti su altri siti. Non memorizzano direttamente informazioni personali, ma si basano sull'identificazione univoca del browser e del dispositivo di accesso a Internet dell'utente. Se non consentite questi cookie, avrete meno pubblicit\u00e0 mirata.<\/p>\n\n\n\n<figure class=\"wp-block-table\"><table class=\"has-fixed-layout\"><thead><tr><th>Sottogruppo di biscotti<\/th><th>Biscotti<\/th><th>Cookie utilizzati<\/th><\/tr><\/thead><tbody><tr><td><a href=\"https:\/\/cookiepedia.co.uk\/host\/ads.linkedin.com\" target=\"_blank\" rel=\"noreferrer noopener\">ads.linkedin.com<\/a><\/td><td>lang<\/td><td>3a parte<\/td><\/tr><tr><td><a href=\"https:\/\/cookiepedia.co.uk\/host\/adform.net\" target=\"_blank\" rel=\"noreferrer noopener\">adform.net<\/a><\/td><td>uid, _fbp, C<\/td><td>3a parte<\/td><\/tr><tr><td><a href=\"https:\/\/cookiepedia.co.uk\/host\/doubleclick.net\" target=\"_blank\" rel=\"noreferrer noopener\">doubleclick.net<\/a><\/td><td>IDE, test_cookie<\/td><td>3a parte<\/td><\/tr><tr><td><a href=\"https:\/\/cookiepedia.co.uk\/host\/facebook.com\" target=\"_blank\" rel=\"noreferrer noopener\">facebook.com<\/a><\/td><td>fr<\/td><td>3a parte<\/td><\/tr><tr><td><a href=\"https:\/\/cookiepedia.co.uk\/host\/www.facebook.com\" target=\"_blank\" rel=\"noreferrer noopener\">www.facebook.com<\/a><\/td><td><\/td><td>3a parte<\/td><\/tr><tr><td><a href=\"https:\/\/cookiepedia.co.uk\/host\/youtube.com\" target=\"_blank\" rel=\"noreferrer noopener\">youtube.com<\/a><\/td><td>YSC, GPS, VISITOR_INFO1_LIVE<\/td><td>3a parte<\/td><\/tr><tr><td><a href=\"https:\/\/cookiepedia.co.uk\/host\/linkedin.com\" target=\"_blank\" rel=\"noreferrer noopener\">linkedin.com<\/a><\/td><td>lissc, lidc, li_gc, bcookie<\/td><td>3a parte<\/td><\/tr><\/tbody><\/table><\/figure>\n\n\n\n<p><strong>(*) Fornitori non situati nell'Unione Europea o in paesi con una legislazione equivalente in materia di protezione dei dati.<\/strong><\/p>\n\n\n\n<p>Le informazioni ottenute tramite questi cookie vengono memorizzate sui server di Google situati negli Stati Uniti, un paese la cui legislazione non garantisce un livello adeguato di protezione dei dati secondo le autorit\u00e0 europee. Accettando l'uso di questi cookie, l'utente acconsente anche al trasferimento internazionale dei suoi dati personali a Google negli Stati Uniti.<\/p>\n\n\n\n<p><strong>Google:<\/strong>\u00e8 possibile impedire l'installazione dei cookie di Google Analytics con le seguenti modalit\u00e0&nbsp;<a href=\"https:\/\/tools.google.com\/dlpage\/gaoptout?hl=de%3Cbr\" target=\"_blank\" rel=\"noreferrer noopener\">estensione<\/a>&nbsp;per il browser.<\/p>\n\n\n\n<h2 class=\"wp-block-heading\">4. Come disattivare o eliminare i cookie?<\/h2>\n\n\n\n<p>Quando si accede al servizio per la prima volta, l'utente vedr\u00e0 un avviso sui cookie che lo informer\u00e0 che pu\u00f2 accettare o rifiutare l'uso dei cookie utilizzando il centro di impostazione dei cookie che mettiamo a sua disposizione. L'utente pu\u00f2 accedere al centro di impostazione dei cookie anche tramite il sito web&nbsp;<em>Impostazioni dei cookie<\/em>&nbsp;all'inizio di questa informativa sui cookie.<\/p>\n\n\n\n<p>Se l'utente ha dato il proprio consenso, pu\u00f2 disattivare o eliminare i suddetti cookie in qualsiasi momento attraverso il centro di configurazione dei cookie o configurando le opzioni del browser utilizzato sul proprio dispositivo o terminale.<\/p>\n\n\n\n<p>Tuttavia, gli utenti devono tenere presente che se rifiutano o eliminano i cookie, non saremo in grado di mantenere le loro preferenze e alcune funzioni non saranno operative, quindi non potremo offrire loro servizi personalizzati e ogni volta che utilizzeranno il servizio appariranno come un nuovo utente a cui verr\u00e0 chiesto di autorizzare l'uso dei cookie.<\/p>\n\n\n\n<p>Di seguito, forniamo i link dove l'utente potr\u00e0 trovare informazioni su come disabilitare i cookie e simili nei principali browser:<\/p>\n\n\n\n<ul class=\"wp-block-list\">\n<li><a href=\"https:\/\/support.google.com\/chrome\/bin\/answer.py?hl=es&amp;answer=95647\" target=\"_blank\" rel=\"noreferrer noopener\">Impostazioni dei cookie per Google Chrome<\/a><\/li>\n\n\n\n<li><a href=\"https:\/\/support.mozilla.org\/es\/kb\/cookies-informacion-que-los-sitios-web-guardan-en-?redirectlocale=en-US&amp;redirectslug=Cookies\" target=\"_blank\" rel=\"noreferrer noopener\">Impostazioni dei cookie per Mozilla Firefox<\/a><\/li>\n\n\n\n<li><a href=\"https:\/\/support.microsoft.com\/es-es\/help\/278835\/how-to-delete-cookie-files-in-internet-explorer\" target=\"_blank\" rel=\"noreferrer noopener\">Impostazioni dei cookie per Internet Explorer<\/a><\/li>\n\n\n\n<li><a href=\"https:\/\/support.apple.com\/kb\/HT1677?viewlocale=es_ES\" target=\"_blank\" rel=\"noreferrer noopener\">Impostazioni dei cookie per Safari<\/a><\/li>\n<\/ul>\n\n\n\n<h2 class=\"wp-block-heading\">5. Come influisce l'uso dei cookie sulla protezione dei dati personali dell'utente?<\/h2>\n\n\n\n<p>La maggior parte dei cookie raccoglie informazioni anonime, che non consentono di risalire all'identit\u00e0 dell'utente, anche se alcuni dei codici inclusi sono utilizzati per identificare o individuare il browser del dispositivo utilizzato e possono essere soggetti alla normativa sulla protezione dei dati personali. Pertanto, vi informiamo che le informazioni ottenute tramite i cookie saranno trattate per le finalit\u00e0 indicate nella presente Politica sui cookie. Allo stesso modo, tali informazioni saranno trattate anche dalle societ\u00e0 che forniscono i cookie per le finalit\u00e0 indicate nelle rispettive informative sulla privacy.<\/p>\n\n\n\n<p>Tuttavia, considerando che tali codici non consentono l'identificazione dell'Utente, i diritti di accesso, rettifica, soppressione, opposizione, limitazione o portabilit\u00e0 riconosciuti dalla normativa sulla protezione dei dati non saranno applicabili, a meno che l'Utente non sia in grado di fornire informazioni aggiuntive che consentano di collegare la sua identit\u00e0 ai codici di identificazione dei suoi cookie.<\/p>\n\n\n\n<p>Se l'utente ritiene che il suo diritto alla protezione dei dati sia stato violato, pu\u00f2 presentare un reclamo all'Agenzia spagnola per la protezione dei dati (<a href=\"http:\/\/www.aepd.es\/\" target=\"_blank\" rel=\"noreferrer noopener\">www.aepd.es<\/a>) [o al Responsabile della protezione dei dati (<a href=\"mailto:DPO@quironprevencion.com\" target=\"_blank\" rel=\"noreferrer noopener\">DPO@quironprevencion.com<\/a>).<\/p>\n\n\n\n<p><\/p>","protected":false},"excerpt":{"rendered":"<p>De conformidad con el Reglamento (UE) 2016\/679 del Parlamento y del Consejo de 27 de abril de 2016 relativo a la protecci\u00f3n de las personas f\u00edsicas en lo que respecta al tratamiento de sus datos personales y la libre circulaci\u00f3n de \u00e9stos y con la Ley Org\u00e1nica 3\/2018, de 5 de diciembre, de Protecci\u00f3n de [&hellip;]<\/p>\n","protected":false},"author":1,"featured_media":0,"parent":0,"menu_order":7,"comment_status":"closed","ping_status":"closed","template":"","meta":{"footnotes":""},"class_list":["post-418","page","type-page","status-publish","hentry"],"_links":{"self":[{"href":"https:\/\/motogp.quironprevencion.com\/it\/wp-json\/wp\/v2\/pages\/418","targetHints":{"allow":["GET"]}}],"collection":[{"href":"https:\/\/motogp.quironprevencion.com\/it\/wp-json\/wp\/v2\/pages"}],"about":[{"href":"https:\/\/motogp.quironprevencion.com\/it\/wp-json\/wp\/v2\/types\/page"}],"author":[{"embeddable":true,"href":"https:\/\/motogp.quironprevencion.com\/it\/wp-json\/wp\/v2\/users\/1"}],"replies":[{"embeddable":true,"href":"https:\/\/motogp.quironprevencion.com\/it\/wp-json\/wp\/v2\/comments?post=418"}],"version-history":[{"count":2,"href":"https:\/\/motogp.quironprevencion.com\/it\/wp-json\/wp\/v2\/pages\/418\/revisions"}],"predecessor-version":[{"id":425,"href":"https:\/\/motogp.quironprevencion.com\/it\/wp-json\/wp\/v2\/pages\/418\/revisions\/425"}],"wp:attachment":[{"href":"https:\/\/motogp.quironprevencion.com\/it\/wp-json\/wp\/v2\/media?parent=418"}],"curies":[{"name":"wp","href":"https:\/\/api.w.org\/{rel}","templated":true}]}}