{"id":416,"date":"2025-01-23T19:07:31","date_gmt":"2025-01-23T18:07:31","guid":{"rendered":"https:\/\/motogp.quironprevencion.com\/?page_id=416"},"modified":"2025-01-23T19:07:32","modified_gmt":"2025-01-23T18:07:32","slug":"condiciones-de-uso-generales","status":"publish","type":"page","link":"https:\/\/motogp.quironprevencion.com\/it\/condiciones-de-uso-generales\/","title":{"rendered":"Condizioni generali di utilizzo"},"content":{"rendered":"<p><strong>PRIMO.&nbsp;<\/strong>Il presente documento ha lo scopo di stabilire le Condizioni Generali di Utilizzo della piattaforma di citazione del Servizio di Nutrizione, di propriet\u00e0 di Quir\u00f3n Prevenci\u00f3n, S.L.U. con sede legale in calle Agust\u00edn de Betancourt, 25, 2\u00aa, 28003, Madrid e numero C.I.F. B-64076482 e iscritta al Registro Mercantile di Madrid nel Volume 36.077, Folio 65, Sezione 8, Pagina M-648249. La suddetta entit\u00e0 \u00e8 iscritta nel Registro dei Servizi di Prevenzione Esterna dei Servizi Territoriali di Barcellona del Dipartimento del Lavoro, degli Affari Sociali e della Famiglia di Barcellona con il numero di accreditamento SP-001-B, per poter agire come servizio di prevenzione esterna, in tutto il territorio statale.<\/p>\n\n\n\n<p>La piattaforma di appuntamenti del Servizio di Nutrizione funge da agenda per questo servizio. Attraverso questa piattaforma, le persone interessate a partecipare a questo servizio potranno vedere gli appuntamenti disponibili in ogni centro di Quir\u00f3n Prevenci\u00f3n, S.L.U. in cui viene fornito il servizio, e prenotarli per la consultazione.<\/p>\n\n\n\n<p>Quir\u00f3n Prevenci\u00f3n, S.L.U., invier\u00e0 una conferma dell'appuntamento al paziente, all'indirizzo e-mail fornito dall'interessato, con il quale si \u00e8 registrato sulla piattaforma, al fine di confermare e ricordare l'appuntamento, nonch\u00e9 di fornire un metodo di contatto nel caso in cui il paziente debba annullare l'appuntamento.<\/p>\n\n\n\n<p><strong>SECONDO.&nbsp;<\/strong>Accedendo a questo servizio dichiarate di essere maggiorenni e di avere piena capacit\u00e0 di agire.<\/p>\n\n\n\n<p>L'utente \u00e8 inoltre responsabile della salvaguardia e del mantenimento della segretezza della propria password per garantire che nessuno possa accedere all'applicazione per suo conto. Qualsiasi azione intrapresa dall'utente sull'applicazione \u00e8 di sua esclusiva responsabilit\u00e0.<\/p>\n\n\n\n<p>L'identificativo di accesso al calendario degli appuntamenti del Servizio di nutrizione \u00e8 personale e non trasferibile. Nessun'altra persona pu\u00f2 utilizzare gli identificatori di accesso di un altro utente.<\/p>\n\n\n\n<p>Quir\u00f3nprevenci\u00f3n S.L.U. pu\u00f2 interrompere l'iscrizione di qualsiasi utente, senza preavviso, se si rende conto che l'utente ha violato una qualsiasi delle condizioni di accesso e di utilizzo della piattaforma di citazione del Servizio di Nutrizione, e in particolare quando l'identificativo di accesso dell'utente viene utilizzato da una persona diversa da quella autorizzata.<\/p>\n\n\n\n<p><strong>TERZO.&nbsp;<\/strong>Accettando le presenti condizioni d'uso, l'utente accetta di ricevere le informazioni relative a questo servizio all'indirizzo di posta elettronica indicato nel modulo di registrazione, e ha il diritto di interrompere l'invio dalla stessa applicazione mediante una richiesta indirizzata a Quir\u00f3n Prevenci\u00f3n, S.L.U.<\/p>\n\n\n\n<p><strong>QUARTO.&nbsp;<\/strong>Quir\u00f3n Prevenci\u00f3n, S.L.U. si riserva il diritto di modificare o sospendere il servizio senza preavviso all'utente, il quale rinuncia ad esercitare qualsiasi pretesa al riguardo.<\/p>\n\n\n\n<p>Quir\u00f3n Prevenci\u00f3n, S.L.U. non sar\u00e0 responsabile di eventuali danni che possano essere causati all'utente o a terzi in conseguenza di interferenze, omissioni, interruzioni, disconnessioni o qualsiasi irregolarit\u00e0 nel funzionamento dell'accesso alle reti telematiche, sia pubbliche che private, nonch\u00e9 nei sistemi informatici utilizzati. Quir\u00f3nprevenci\u00f3n non sar\u00e0 responsabile nemmeno dei ritardi derivanti da carenze, crash, errori o sovraccarichi delle reti e dei sistemi informatici o telematici che pregiudichino o impediscano l'esecuzione delle consultazioni o delle operazioni, anche nel caso in cui questi riguardino l'utente come conseguenza di errori nelle informazioni provenienti da fornitori diversi da Quir\u00f3nprevenci\u00f3n, anche se ricevute attraverso questo servizio, o di quelli che potrebbero essere causati da intromissioni illegittime di terzi o dai cosiddetti \"virus informatici\".<\/p>\n\n\n\n<p><strong>SESTO.&nbsp;<\/strong>Quir\u00f3n Prevenci\u00f3n, S.L.U. si impegna a rispettare la privacy delle informazioni contenute e trasmesse attraverso questo servizio, in conformit\u00e0 con le disposizioni legali vigenti nel nostro ordinamento giuridico. Allo stesso modo, si impegna a mantenere segreti tutti i codici di accesso e le password necessarie. Allo stesso modo, per quanto riguarda Quir\u00f3nprevenci\u00f3n, si impegna a mantenerli segreti, a non annotarli o riprodurli su un supporto che potrebbe essere perso o rubato e a non fornirli a terzi. L'utente sar\u00e0 l'unico responsabile del corretto utilizzo di questo servizio.<\/p>\n\n\n\n<p>Se l'utente rileva un uso non autorizzato del suo account utente o se i suoi codici di accesso vengono smarriti, rubati o sottratti, \u00e8 tenuto a comunicarcelo il prima possibile, con qualsiasi mezzo che ci consenta di avere una prova della ricezione.<\/p>\n\n\n\n<p>I dati a cui si accede possono essere utilizzati solo per scopi legati al Servizio di Nutrizione fornito da Quir\u00f3nprevenci\u00f3n S.L.U. e accessibili attraverso la piattaforma di citazione del Servizio di Nutrizione.<\/p>\n\n\n\n<p><strong>SETTIMO.&nbsp;<\/strong>L'utente riconosce e accetta che l'uso dei contenuti e\/o dei servizi offerti da questa applicazione \u00e8 a suo esclusivo rischio e\/o responsabilit\u00e0. L'utente accetta inoltre di utilizzare questa applicazione e tutti i suoi contenuti e servizi nel rispetto della legge, della morale, dell'ordine pubblico e delle presenti condizioni d'uso. L'utente si impegna a fare un uso appropriato dei servizi e\/o dei contenuti e a non utilizzarli per attivit\u00e0 illecite o criminali che violino i diritti di terzi e\/o infrangano le norme sulla propriet\u00e0 intellettuale e industriale, o qualsiasi altra norma giuridica applicabile. In particolare, l'utente si impegna a non trasmettere, introdurre, diffondere o mettere a disposizione di terzi alcun tipo di materiale o informazione contraria alla legge, al buon costume, all'ordine pubblico e alle presenti condizioni d'uso. L'utente si impegna inoltre a rispettare le raccomandazioni della Internet Society in merito alle regole di utilizzo dei servizi Internet.<\/p>\n\n\n\n<p>Quir\u00f3n Prevenci\u00f3n, S.L.U. non garantisce che gli utenti dell'applicazione utilizzino i contenuti e i servizi della stessa nel rispetto della legge, del buon costume o dell'ordine pubblico, n\u00e9 delle presenti Condizioni Generali d'Uso. Allo stesso modo, non garantisce la veridicit\u00e0 e l'accuratezza, la completezza e\/o l'autenticit\u00e0 dei dati forniti dagli utenti.<\/p>\n\n\n\n<p>Quir\u00f3n Prevenci\u00f3n, S.L.U. non potr\u00e0 essere ritenuta direttamente, indirettamente o sussidiariamente responsabile per i danni di qualsiasi natura derivanti dall'uso dei servizi e dei contenuti dell'applicazione da parte degli utenti o che possono derivare dalla mancanza di veridicit\u00e0, accuratezza e\/o autenticit\u00e0 dei dati o delle informazioni fornite dagli utenti, o dall'impersonificazione di terzi effettuata da un utente in qualsiasi tipo di azione attraverso questa applicazione. Pertanto, l'uso di questa applicazione non implica l'obbligo da parte di Quir\u00f3nprevenci\u00f3n, S.L.U. di controllare la veridicit\u00e0, l'accuratezza, l'adeguatezza, l'appropriatezza, la completezza e la tempestivit\u00e0 delle informazioni fornite attraverso di essa.<\/p>\n\n\n\n<p><strong>OTTO.&nbsp;<\/strong>Quir\u00f3n Prevenci\u00f3n, S.L.U. si riserva il diritto di modificare, in qualsiasi momento e senza preavviso, i presenti termini e condizioni d'uso. Le modifiche saranno pubblicate sul Sito Web e nell'Applicazione e saranno efficaci dal momento della loro pubblicazione.<\/p>\n\n\n\n<p>L'utilizzo di uno qualsiasi dei servizi di questa applicazione implica l'adesione e l'accettazione esplicita di tutte le condizioni di utilizzo nella versione pubblicata su questo portale al momento dell'accesso all'applicazione.<\/p>\n\n\n\n<p><strong>NONO.&nbsp;<\/strong>L'iscrizione dell'utente al calendario \u00e8 subordinata alla durata del contratto per il servizio di nutrizione fornito da Quir\u00f3n Prevenci\u00f3n, S.L.U. Tuttavia, ciascuna delle parti pu\u00f2 interrompere l'utilizzo del servizio in qualsiasi momento.<\/p>\n\n\n\n<p><strong>PRIMO.&nbsp;<\/strong>Il presente documento ha lo scopo di stabilire le Condizioni Generali di Utilizzo della piattaforma di citazione del Servizio di Nutrizione, di propriet\u00e0 di Quir\u00f3n Prevenci\u00f3n, S.L.U. con sede legale in calle Agust\u00edn de Betancourt, 25, 2\u00aa, 28003, Madrid e numero C.I.F. B-64076482 e iscritta al Registro Mercantile di Madrid nel Volume 36.077, Folio 65, Sezione 8, Pagina M-648249. La suddetta entit\u00e0 \u00e8 iscritta nel Registro dei Servizi di Prevenzione Esterna dei Servizi Territoriali di Barcellona del Dipartimento del Lavoro, degli Affari Sociali e della Famiglia di Barcellona con il numero di accreditamento SP-001-B, per poter agire come servizio di prevenzione esterna, in tutto il territorio statale.<\/p>\n\n\n\n<p>La piattaforma di appuntamenti del Servizio di Nutrizione funge da agenda per questo servizio. Attraverso questa piattaforma, le persone interessate a partecipare a questo servizio potranno vedere gli appuntamenti disponibili in ogni centro di Quir\u00f3n Prevenci\u00f3n, S.L.U. in cui viene fornito il servizio, e prenotarli per la consultazione.<\/p>\n\n\n\n<p>Quir\u00f3n Prevenci\u00f3n, S.L.U., invier\u00e0 una conferma dell'appuntamento al paziente, all'indirizzo e-mail fornito dall'interessato, con il quale si \u00e8 registrato sulla piattaforma, al fine di confermare e ricordare l'appuntamento, nonch\u00e9 di fornire un metodo di contatto nel caso in cui il paziente debba annullare l'appuntamento.<\/p>\n\n\n\n<p><strong>SECONDO.&nbsp;<\/strong>Accedendo a questo servizio dichiarate di essere maggiorenni e di avere piena capacit\u00e0 di agire.<\/p>\n\n\n\n<p>L'utente \u00e8 inoltre responsabile della salvaguardia e del mantenimento della segretezza della propria password per garantire che nessuno possa accedere all'applicazione per suo conto. Qualsiasi azione intrapresa dall'utente sull'applicazione \u00e8 di sua esclusiva responsabilit\u00e0.<\/p>\n\n\n\n<p>L'identificativo di accesso al calendario degli appuntamenti del Servizio di nutrizione \u00e8 personale e non trasferibile. Nessun'altra persona pu\u00f2 utilizzare gli identificatori di accesso di un altro utente.<\/p>\n\n\n\n<p>Quir\u00f3nprevenci\u00f3n S.L.U. pu\u00f2 interrompere l'iscrizione di qualsiasi utente, senza preavviso, se si rende conto che l'utente ha violato una qualsiasi delle condizioni di accesso e di utilizzo della piattaforma di citazione del Servizio di Nutrizione, e in particolare quando l'identificativo di accesso dell'utente viene utilizzato da una persona diversa da quella autorizzata.<\/p>\n\n\n\n<p><strong>TERZO.&nbsp;<\/strong>Accettando le presenti condizioni d'uso, l'utente accetta di ricevere le informazioni relative a questo servizio all'indirizzo di posta elettronica indicato nel modulo di registrazione, e ha il diritto di interrompere l'invio dalla stessa applicazione mediante una richiesta indirizzata a Quir\u00f3n Prevenci\u00f3n, S.L.U.<\/p>\n\n\n\n<p><strong>QUARTO.&nbsp;<\/strong>Quir\u00f3n Prevenci\u00f3n, S.L.U. si riserva il diritto di modificare o sospendere il servizio senza preavviso all'utente, il quale rinuncia ad esercitare qualsiasi pretesa al riguardo.<\/p>\n\n\n\n<p>Quir\u00f3n Prevenci\u00f3n, S.L.U. non sar\u00e0 responsabile di eventuali danni che possano essere causati all'utente o a terzi in conseguenza di interferenze, omissioni, interruzioni, disconnessioni o qualsiasi irregolarit\u00e0 nel funzionamento dell'accesso alle reti telematiche, sia pubbliche che private, nonch\u00e9 nei sistemi informatici utilizzati. Quir\u00f3nprevenci\u00f3n non sar\u00e0 responsabile nemmeno dei ritardi derivanti da carenze, crash, errori o sovraccarichi delle reti e dei sistemi informatici o telematici che pregiudichino o impediscano l'esecuzione delle consultazioni o delle operazioni, anche nel caso in cui questi riguardino l'utente come conseguenza di errori nelle informazioni provenienti da fornitori diversi da Quir\u00f3nprevenci\u00f3n, anche se ricevute attraverso questo servizio, o di quelli che potrebbero essere causati da intromissioni illegittime di terzi o dai cosiddetti \"virus informatici\".<\/p>\n\n\n\n<p><strong>SESTO.&nbsp;<\/strong>Quir\u00f3n Prevenci\u00f3n, S.L.U. si impegna a rispettare la privacy delle informazioni contenute e trasmesse attraverso questo servizio, in conformit\u00e0 con le disposizioni legali vigenti nel nostro ordinamento giuridico. Allo stesso modo, si impegna a mantenere segreti tutti i codici di accesso e le password necessarie. Allo stesso modo, per quanto riguarda Quir\u00f3nprevenci\u00f3n, si impegna a mantenerli segreti, a non annotarli o riprodurli su un supporto che potrebbe essere perso o rubato e a non fornirli a terzi. L'utente sar\u00e0 l'unico responsabile del corretto utilizzo di questo servizio.<\/p>\n\n\n\n<p>Se l'utente rileva un uso non autorizzato del suo account utente o se i suoi codici di accesso vengono smarriti, rubati o sottratti, \u00e8 tenuto a comunicarcelo il prima possibile, con qualsiasi mezzo che ci consenta di avere una prova della ricezione.<\/p>\n\n\n\n<p>I dati a cui si accede possono essere utilizzati solo per scopi legati al Servizio di Nutrizione fornito da Quir\u00f3nprevenci\u00f3n S.L.U. e accessibili attraverso la piattaforma di citazione del Servizio di Nutrizione.<\/p>\n\n\n\n<p><strong>SETTIMO.&nbsp;<\/strong>L'utente riconosce e accetta che l'uso dei contenuti e\/o dei servizi offerti da questa applicazione \u00e8 a suo esclusivo rischio e\/o responsabilit\u00e0. L'utente accetta inoltre di utilizzare questa applicazione e tutti i suoi contenuti e servizi nel rispetto della legge, della morale, dell'ordine pubblico e delle presenti condizioni d'uso. L'utente si impegna a fare un uso appropriato dei servizi e\/o dei contenuti e a non utilizzarli per attivit\u00e0 illecite o criminali che violino i diritti di terzi e\/o infrangano le norme sulla propriet\u00e0 intellettuale e industriale, o qualsiasi altra norma giuridica applicabile. In particolare, l'utente si impegna a non trasmettere, introdurre, diffondere o mettere a disposizione di terzi alcun tipo di materiale o informazione contraria alla legge, al buon costume, all'ordine pubblico e alle presenti condizioni d'uso. L'utente si impegna inoltre a rispettare le raccomandazioni della Internet Society in merito alle regole di utilizzo dei servizi Internet.<\/p>\n\n\n\n<p>Quir\u00f3n Prevenci\u00f3n, S.L.U. non garantisce che gli utenti dell'applicazione utilizzino i contenuti e i servizi della stessa nel rispetto della legge, del buon costume o dell'ordine pubblico, n\u00e9 delle presenti Condizioni Generali d'Uso. Allo stesso modo, non garantisce la veridicit\u00e0 e l'accuratezza, la completezza e\/o l'autenticit\u00e0 dei dati forniti dagli utenti.<\/p>\n\n\n\n<p>Quir\u00f3n Prevenci\u00f3n, S.L.U. non potr\u00e0 essere ritenuta direttamente, indirettamente o sussidiariamente responsabile per i danni di qualsiasi natura derivanti dall'uso dei servizi e dei contenuti dell'applicazione da parte degli utenti o che possono derivare dalla mancanza di veridicit\u00e0, accuratezza e\/o autenticit\u00e0 dei dati o delle informazioni fornite dagli utenti, o dall'impersonificazione di terzi effettuata da un utente in qualsiasi tipo di azione attraverso questa applicazione. Pertanto, l'uso di questa applicazione non implica l'obbligo da parte di Quir\u00f3nprevenci\u00f3n, S.L.U. di controllare la veridicit\u00e0, l'accuratezza, l'adeguatezza, l'appropriatezza, la completezza e la tempestivit\u00e0 delle informazioni fornite attraverso di essa.<\/p>\n\n\n\n<p><strong>OTTO.&nbsp;<\/strong>Quir\u00f3n Prevenci\u00f3n, S.L.U. si riserva il diritto di modificare, in qualsiasi momento e senza preavviso, i presenti termini e condizioni d'uso. Le modifiche saranno pubblicate sul Sito Web e nell'Applicazione e saranno efficaci dal momento della loro pubblicazione.<\/p>\n\n\n\n<p>L'utilizzo di uno qualsiasi dei servizi di questa applicazione implica l'adesione e l'accettazione esplicita di tutte le condizioni di utilizzo nella versione pubblicata su questo portale al momento dell'accesso all'applicazione.<\/p>\n\n\n\n<p><strong>NONO.&nbsp;<\/strong>L'iscrizione dell'utente al calendario \u00e8 subordinata alla durata del contratto per il servizio di nutrizione fornito da Quir\u00f3n Prevenci\u00f3n, S.L.U. Tuttavia, ciascuna delle parti pu\u00f2 interrompere l'uso del servizio in qualsiasi momento e immediatamente, senza che questo generi alcun obbligo di risarcimento per l'altra parte.<\/p>\n\n\n\n<p><strong>&nbsp; &nbsp; &nbsp; &nbsp; &nbsp; 2. PROPRIET\u00c0 INTELLETTUALE E INDUSTRIALE<\/strong><\/p>\n\n\n\n<p><strong>&nbsp;<\/strong>Quir\u00f3n Prevenci\u00f3n, S.L.U. si riserva tutti i diritti su marchi, nomi commerciali o altri segni distintivi, brevetti e propriet\u00e0 intellettuale, relativamente al contenuto e al design dell'applicazione. Tutti i contenuti dell'applicazione, compresi, a titolo esemplificativo e non esaustivo, i testi grafici, le immagini, il suo design e i diritti di propriet\u00e0 intellettuale che possono corrispondere a tali contenuti, nonch\u00e9 i marchi, i nomi commerciali o qualsiasi altro segno distintivo, sono di propriet\u00e0 di Quir\u00f3n Prevenci\u00f3n, S.L.U, senza che ci\u00f2 implichi che il download, l'accesso e l'utilizzo dell'applicazione attribuisca alcun diritto sui suddetti marchi, nomi commerciali e\/o segni distintivi.<\/p>\n\n\n\n<p><strong>&nbsp; &nbsp; &nbsp; &nbsp; &nbsp; 3. LEGGE APPLICABILE E GIURISDIZIONE<\/strong><\/p>\n\n\n\n<p><strong>&nbsp;<\/strong>Le questioni relative alle Condizioni d'uso e all'Informativa sulla privacy, cos\u00ec come tutte le altre questioni che sorgono e sono legate in parte o in toto ai servizi forniti attraverso l'applicazione, sono regolate dalla legge spagnola e le parti rinunciano espressamente alla loro corrispondente giurisdizione, sottoponendosi alle Corti e ai Tribunali di Madrid.<\/p>\n\n\n\n<p>in qualsiasi momento e immediatamente, senza che ci\u00f2 comporti l'obbligo di risarcire l'altra parte.<\/p>\n\n\n\n<p><strong>&nbsp; &nbsp; &nbsp; &nbsp; &nbsp; 2. PROPRIET\u00c0 INTELLETTUALE E INDUSTRIALE<\/strong><\/p>\n\n\n\n<p><strong>&nbsp;<\/strong>Quir\u00f3n Prevenci\u00f3n, S.L.U. si riserva tutti i diritti su marchi, nomi commerciali o altri segni distintivi, brevetti e propriet\u00e0 intellettuale, relativamente al contenuto e al design dell'applicazione. Tutti i contenuti dell'applicazione, compresi, a titolo esemplificativo e non esaustivo, i testi grafici, le immagini, il suo design e i diritti di propriet\u00e0 intellettuale che possono corrispondere a tali contenuti, nonch\u00e9 i marchi, i nomi commerciali o qualsiasi altro segno distintivo, sono di propriet\u00e0 di Quir\u00f3n Prevenci\u00f3n, S.L.U, senza che ci\u00f2 implichi che il download, l'accesso e l'utilizzo dell'applicazione attribuisca alcun diritto sui suddetti marchi, nomi commerciali e\/o segni distintivi.<\/p>\n\n\n\n<p><strong>&nbsp; &nbsp; &nbsp; &nbsp; &nbsp; 3. LEGGE APPLICABILE E GIURISDIZIONE<\/strong><\/p>\n\n\n\n<p><strong>&nbsp;<\/strong>Le questioni relative alle Condizioni d'uso e all'Informativa sulla privacy, cos\u00ec come tutte le altre questioni che sorgono e sono legate in parte o in toto ai servizi forniti attraverso l'applicazione, sono regolate dalla legge spagnola e le parti rinunciano espressamente alla loro corrispondente giurisdizione, sottoponendosi alle Corti e ai Tribunali di Madrid.<\/p>","protected":false},"excerpt":{"rendered":"<p>PRIMERA.&nbsp;El presente documento tiene por objeto establecer las Condiciones Generales de Uso de la plataforma de citaci\u00f3n del Servicio de Nutrici\u00f3n, titularidad de Quir\u00f3n Prevenci\u00f3n, S.L.U con domicilio social en calle Agust\u00edn de Betancourt, 25, 2\u00aa, 28003, Madrid y C.I.F n\u00famero B-64076482 e inscrita en el Registro Mercantil de Madrid al Tomo 36.077, Folio 65, [&hellip;]<\/p>\n","protected":false},"author":1,"featured_media":0,"parent":0,"menu_order":6,"comment_status":"closed","ping_status":"closed","template":"","meta":{"footnotes":""},"class_list":["post-416","page","type-page","status-publish","hentry"],"_links":{"self":[{"href":"https:\/\/motogp.quironprevencion.com\/it\/wp-json\/wp\/v2\/pages\/416","targetHints":{"allow":["GET"]}}],"collection":[{"href":"https:\/\/motogp.quironprevencion.com\/it\/wp-json\/wp\/v2\/pages"}],"about":[{"href":"https:\/\/motogp.quironprevencion.com\/it\/wp-json\/wp\/v2\/types\/page"}],"author":[{"embeddable":true,"href":"https:\/\/motogp.quironprevencion.com\/it\/wp-json\/wp\/v2\/users\/1"}],"replies":[{"embeddable":true,"href":"https:\/\/motogp.quironprevencion.com\/it\/wp-json\/wp\/v2\/comments?post=416"}],"version-history":[{"count":1,"href":"https:\/\/motogp.quironprevencion.com\/it\/wp-json\/wp\/v2\/pages\/416\/revisions"}],"predecessor-version":[{"id":417,"href":"https:\/\/motogp.quironprevencion.com\/it\/wp-json\/wp\/v2\/pages\/416\/revisions\/417"}],"wp:attachment":[{"href":"https:\/\/motogp.quironprevencion.com\/it\/wp-json\/wp\/v2\/media?parent=416"}],"curies":[{"name":"wp","href":"https:\/\/api.w.org\/{rel}","templated":true}]}}